{"id":54,"date":"2015-06-02T14:07:03","date_gmt":"2015-06-02T13:07:03","guid":{"rendered":"http:\/\/127.0.0.1\/?page_id=54"},"modified":"2015-11-10T10:01:38","modified_gmt":"2015-11-10T09:01:38","slug":"electricite","status":"publish","type":"page","link":"https:\/\/www.phydeo.uliege.be\/?page_id=54","title":{"rendered":"Electricit\u00e9"},"content":{"rendered":"\n<table id=\"tablepress-7\" class=\"tablepress tablepress-id-7 img_tab\">\n<tbody class=\"row-striping\">\n<tr class=\"row-1\">\n\t<td class=\"column-1\"><a href=\"https:\/\/www.phydeo.uliege.be\/?p=825\"><img loading=\"lazy\" decoding=\"async\" src=\"https:\/\/www.phydeo.uliege.be\/wp-content\/uploads\/2015\/09\/Photoelectric-copie.jpg\" alt=\"Photoelectric copie\" width=\"112\" height=\"63\" class=\"aligncenter size-full wp-image-304\" \/><\/a><\/td><td class=\"column-2\"><a href=\"https:\/\/www.phydeo.uliege.be\/?p=827\"><img loading=\"lazy\" decoding=\"async\" src=\"https:\/\/www.phydeo.uliege.be\/wp-content\/uploads\/2015\/09\/electronic_pendulum-copie.jpg\" alt=\"electronic_pendulum copie\" width=\"112\" height=\"63\" class=\"aligncenter size-full wp-image-342\" \/><\/a><\/td><td class=\"column-3\"><a href=\"https:\/\/www.phydeo.uliege.be\/?p=254\"><img loading=\"lazy\" decoding=\"async\" src=\"https:\/\/www.phydeo.uliege.be\/wp-content\/uploads\/2015\/09\/magnet-copie.jpg\" alt=\"magnet copie\" width=\"112\" height=\"63\" class=\"aligncenter size-full wp-image-297\" \/><\/a><\/td><td class=\"column-4\"><a href=\"https:\/\/www.phydeo.uliege.be\/?p=829\"><img loading=\"lazy\" decoding=\"async\" src=\"https:\/\/www.phydeo.uliege.be\/wp-content\/uploads\/2015\/09\/laplce-copie.jpg\" alt=\"laplce copie\" width=\"112\" height=\"63\" class=\"aligncenter size-full wp-image-289\" \/><\/a><\/td><td class=\"column-5\"><a href=\"https:\/\/www.phydeo.uliege.be\/?p=829\"><img loading=\"lazy\" decoding=\"async\" src=\"https:\/\/www.phydeo.uliege.be\/wp-content\/uploads\/2015\/09\/laplce_galva-copie.jpg\" alt=\"laplce_galva copie\" width=\"112\" height=\"63\" class=\"aligncenter size-full wp-image-290\" \/><\/a><\/td><td class=\"column-6\"><a href=\"https:\/\/www.phydeo.uliege.be\/?p=833\"><img loading=\"lazy\" decoding=\"async\" src=\"https:\/\/www.phydeo.uliege.be\/wp-content\/uploads\/2015\/09\/galvanometer-copie.jpg\" alt=\"galvanometer copie\" width=\"112\" height=\"63\" class=\"aligncenter size-full wp-image-346\" \/><\/a><\/td><td class=\"column-7\"><a href=\"https:\/\/www.phydeo.uliege.be\/?p=835\"><img loading=\"lazy\" decoding=\"async\" src=\"https:\/\/www.phydeo.uliege.be\/wp-content\/uploads\/2015\/09\/Serie_parallele.jpg\" alt=\"Serie_parallele\" width=\"112\" height=\"63\" class=\"aligncenter size-full wp-image-351\" \/><\/a><\/td>\n<\/tr>\n<tr class=\"row-2\">\n\t<td class=\"column-1\">Effet photo\u00e9lectrique<\/td><td class=\"column-2\">Pendule \u00e9lectrique<\/td><td class=\"column-3\">Spectre magn\u00e9tique (aimant en \"U\")<\/td><td class=\"column-4\">Loi de Laplace<\/td><td class=\"column-5\"> Loi de Faraday-Henry<\/td><td class=\"column-6\">Principe du galvanom\u00e8tre<\/td><td class=\"column-7\">Montage s\u00e9rie et parall\u00e8le<\/td>\n<\/tr>\n<tr class=\"row-3\">\n\t<td class=\"column-1\"><a href=\"https:\/\/www.phydeo.uliege.be\/?p=838\"><img loading=\"lazy\" decoding=\"async\" src=\"https:\/\/www.phydeo.uliege.be\/wp-content\/uploads\/2015\/09\/Polarisation2spheres.jpg\" alt=\"Polarisation2spheres\" width=\"112\" height=\"63\" class=\"aligncenter size-full wp-image-353\" \/><\/a><\/td><td class=\"column-2\"><a href=\"https:\/\/www.phydeo.uliege.be\/?p=840\"><img loading=\"lazy\" decoding=\"async\" src=\"https:\/\/www.phydeo.uliege.be\/wp-content\/uploads\/2015\/09\/Induction-mutuelle-copie.jpg\" alt=\"Induction mutuelle copie\" width=\"112\" height=\"63\" class=\"aligncenter size-full wp-image-286\" \/><\/a><\/td><td class=\"column-3\"><a href=\"https:\/\/www.phydeo.uliege.be\/?p=842\"><img loading=\"lazy\" decoding=\"async\" src=\"https:\/\/www.phydeo.uliege.be\/wp-content\/uploads\/2015\/09\/Moteur-et-oscilloscope-copie.jpg\" alt=\"Moteur et oscilloscope copie\" width=\"112\" height=\"63\" class=\"aligncenter size-full wp-image-300\" \/><\/a><\/td><td class=\"column-4\"><a href=\"https:\/\/www.phydeo.uliege.be\/?p=844\"><img loading=\"lazy\" decoding=\"async\" src=\"https:\/\/www.phydeo.uliege.be\/wp-content\/uploads\/2015\/09\/Levitation_magnetique.jpg\" alt=\"Levitation_magnetique\" width=\"112\" height=\"63\" class=\"aligncenter size-full wp-image-352\" \/><\/a><\/td><td class=\"column-5\"><a href=\"https:\/\/www.phydeo.uliege.be\/?p=846\"><img loading=\"lazy\" decoding=\"async\" src=\"https:\/\/www.phydeo.uliege.be\/wp-content\/uploads\/2015\/09\/Frein-de-Foucault-copie.jpg\" alt=\"Frein de Foucault copie\" width=\"112\" height=\"63\" class=\"aligncenter size-full wp-image-345\" \/><\/a><\/td><td class=\"column-6\"><a href=\"https:\/\/www.phydeo.uliege.be\/?p=848\"><img loading=\"lazy\" decoding=\"async\" src=\"https:\/\/www.phydeo.uliege.be\/wp-content\/uploads\/2015\/09\/conducteursParalleles.jpg\" alt=\"conducteursParalleles\" width=\"112\" height=\"63\" class=\"aligncenter size-full wp-image-350\" \/><\/a><\/td><td class=\"column-7\"><a href=\"https:\/\/www.phydeo.uliege.be\/?p=850\"><img loading=\"lazy\" decoding=\"async\" src=\"https:\/\/www.phydeo.uliege.be\/wp-content\/uploads\/2015\/09\/Moteur-electrique-copie.jpg\" alt=\"Moteur electrique copie\" width=\"112\" height=\"63\" class=\"aligncenter size-full wp-image-299\" \/><\/a><\/td>\n<\/tr>\n<tr class=\"row-4\">\n\t<td class=\"column-1\">Exp\u00e9rience de Hertz<\/td><td class=\"column-2\">Induction mutuelle<\/td><td class=\"column-3\">Principe de l'alternateur<\/td><td class=\"column-4\">L\u00e9vitation magn\u00e9tique<\/td><td class=\"column-5\">Frein de Foucault<\/td><td class=\"column-6\">Fils d'Amp\u00e8re<\/td><td class=\"column-7\">Courant induit par un rotor<\/td>\n<\/tr>\n<tr class=\"row-5\">\n\t<td class=\"column-1\"><a href=\"https:\/\/www.phydeo.uliege.be\/?p=852\"><img loading=\"lazy\" decoding=\"async\" src=\"https:\/\/www.phydeo.uliege.be\/wp-content\/uploads\/2015\/09\/Simulateur-moteur-2.jpg\" alt=\"Simulateur moteur (2)\" width=\"112\" height=\"63\" class=\"aligncenter size-full wp-image-313\" \/><\/a><\/td><td class=\"column-2\"><a href=\" https:\/\/www.phydeo.uliege.be\/?p=1362\"><img loading=\"lazy\" decoding=\"async\" src=\"https:\/\/www.phydeo.uliege.be\/wp-content\/uploads\/2017\/11\/Circuit-RC.jpg\" alt=\"\" width=\"112\" height=\"63\" class=\"aligncenter size-full wp-image-1400\" \/><\/a><\/td><td class=\"column-3\"><a href=\" https:\/\/www.phydeo.uliege.be\/?p=1364\"><img loading=\"lazy\" decoding=\"async\" src=\"https:\/\/www.phydeo.uliege.be\/wp-content\/uploads\/2017\/11\/Champs-magn\u00e9tiques_DROIT.jpg\" alt=\"\" width=\"112\" height=\"63\" class=\"aligncenter size-full wp-image-1431\" \/><\/a><\/td><td class=\"column-4\"><a href=\"https:\/\/www.phydeo.uliege.be\/?p=1369\"><img loading=\"lazy\" decoding=\"async\" src=\"https:\/\/www.phydeo.uliege.be\/wp-content\/uploads\/2017\/11\/Attraction_Repulsion.jpg\" alt=\"\" width=\"112\" height=\"63\" class=\"aligncenter size-full wp-image-1438\" \/><\/a><\/td><td class=\"column-5\"><a href=\"https:\/\/www.phydeo.uliege.be\/?p=1373\"><img loading=\"lazy\" decoding=\"async\" src=\"https:\/\/www.phydeo.uliege.be\/wp-content\/uploads\/2017\/11\/M_Aimant_coupe.jpg\" alt=\"\" width=\"112\" height=\"63\" class=\"aligncenter size-full wp-image-1453\" \/><\/a><\/td><td class=\"column-6\"><a href=\"https:\/\/www.phydeo.uliege.be\/?p=1377\"><img loading=\"lazy\" decoding=\"async\" src=\"https:\/\/www.phydeo.uliege.be\/wp-content\/uploads\/2017\/11\/M_billes_sauteuse.jpg\" alt=\"\" width=\"112\" height=\"63\" class=\"aligncenter size-full wp-image-1456\" \/><\/a><\/td><td class=\"column-7\"><a href=\"https:\/\/www.phydeo.uliege.be\/?p=1358\"><img loading=\"lazy\" decoding=\"async\" src=\"https:\/\/www.phydeo.uliege.be\/wp-content\/uploads\/2017\/11\/Oscilloscope-DIY.jpg\" alt=\"\" width=\"112\" height=\"63\" class=\"aligncenter size-full wp-image-1403\" \/><\/a><\/td>\n<\/tr>\n<tr class=\"row-6\">\n\t<td class=\"column-1\">Principe du moteur \u00e9lectrique<\/td><td class=\"column-2\">Circuit RC<\/td><td class=\"column-3\">Spectre magn\u00e9tique (aimant droit)<\/td><td class=\"column-4\">Attraction et r\u00e9-<br \/>\npulsion-charges <\/td><td class=\"column-5\">Dip\u00f4le magn\u00e9tique<\/td><td class=\"column-6\">Billes sauteuses<br \/>\n\u00e9lec. statiques<\/td><td class=\"column-7\">Electroscope<br \/>\nDIY<\/td>\n<\/tr>\n<tr class=\"row-7\">\n\t<td class=\"column-1\"><a href=\"https:\/\/www.phydeo.uliege.be\/?p=1539\"><img loading=\"lazy\" decoding=\"async\" src=\"https:\/\/www.phydeo.uliege.be\/wp-content\/uploads\/2017\/11\/M_Wimhurst.jpg\" alt=\"\" width=\"112\" height=\"63\" class=\"aligncenter size-full wp-image-1555\" \/><\/a><\/td><td class=\"column-2\"><a href=\"https:\/\/www.phydeo.uliege.be\/?p=1547\"><img loading=\"lazy\" decoding=\"async\" src=\"https:\/\/www.phydeo.uliege.be\/wp-content\/uploads\/2017\/11\/Resistivite_air_bougie.jpg\" alt=\"\" width=\"112\" height=\"63\" class=\"aligncenter size-full wp-image-1556\" \/><\/a><\/td><td class=\"column-3\"><a href=\"https:\/\/www.phydeo.uliege.be\/?p=1729\"><img loading=\"lazy\" decoding=\"async\" src=\"https:\/\/www.phydeo.uliege.be\/wp-content\/uploads\/2018\/02\/M_Ohm-copie.jpg\" alt=\"\" width=\"112\" height=\"63\" class=\"aligncenter size-full wp-image-1769\" \/><\/a><\/td><td class=\"column-4\"><a href=\"https:\/\/www.phydeo.uliege.be\/?p=1729\"><img loading=\"lazy\" decoding=\"async\" src=\"https:\/\/www.phydeo.uliege.be\/wp-content\/uploads\/2018\/02\/M_Ohm_serie-copie.jpg\" alt=\"\" width=\"112\" height=\"63\" class=\"aligncenter size-full wp-image-1757\" \/><\/a><\/td><td class=\"column-5\"><a href=\"https:\/\/www.phydeo.uliege.be\/?p=1729\"><img loading=\"lazy\" decoding=\"async\" src=\"https:\/\/www.phydeo.uliege.be\/wp-content\/uploads\/2018\/02\/M_OHM_parallele-copie.jpg\" alt=\"\" width=\"112\" height=\"63\" class=\"aligncenter size-full wp-image-1772\" \/><\/a><\/td><td class=\"column-6\"><a href=\"Loi d&#039;Ohm R\u00e9sistances en s\u00e9rie\"><img loading=\"lazy\" decoding=\"async\" src=\"https:\/\/www.phydeo.uliege.be\/wp-content\/uploads\/2018\/02\/M_Ohm_diametre-copie.jpg\" alt=\"\" width=\"112\" height=\"63\" class=\"aligncenter size-full wp-image-1770\" \/><\/a><\/td><td class=\"column-7\"><a href=\"https:\/\/www.phydeo.uliege.be\/?p=1729\"><img loading=\"lazy\" decoding=\"async\" src=\"https:\/\/www.phydeo.uliege.be\/wp-content\/uploads\/2018\/02\/M_Ohm_materiaux-copie.jpg\" alt=\"\" width=\"112\" height=\"63\" class=\"aligncenter size-full wp-image-1771\" \/><\/a><\/td>\n<\/tr>\n<tr class=\"row-8\">\n\t<td class=\"column-1\">Machine de<br \/>\nWimhurst<\/td><td class=\"column-2\">R\u00e9sistivit\u00e9<br \/>\nde l'air<\/td><td class=\"column-3\">Loi d'Ohm<\/td><td class=\"column-4\">Loi d'Ohm R\u00e9sistances en s\u00e9rie<\/td><td class=\"column-5\">Loi d'Ohm<br \/>\nR\u00e9sistances en parall\u00e8le<\/td><td class=\"column-6\">Loi d'Ohm<br \/>\nModification du diam\u00e8tre<\/td><td class=\"column-7\">Loi d'Ohm<br \/>\nModification du mat\u00e9riaux<\/td>\n<\/tr>\n<tr class=\"row-9\">\n\t<td class=\"column-1\"><a href=\"https:\/\/www.phydeo.uliege.be\/?p=1754\"><img loading=\"lazy\" decoding=\"async\" src=\"https:\/\/www.phydeo.uliege.be\/wp-content\/uploads\/2018\/02\/M_Filament_Carbone-copie.jpg\" alt=\"\" width=\"112\" height=\"63\" class=\"aligncenter size-full wp-image-1768\" \/><\/a><\/td><td class=\"column-2\"><a href=\"https:\/\/www.phydeo.uliege.be\/?p=1752\"><img loading=\"lazy\" decoding=\"async\" src=\"https:\/\/www.phydeo.uliege.be\/wp-content\/uploads\/2018\/02\/M_CONdensateur_plan.jpg\" alt=\"\" width=\"112\" height=\"63\" class=\"aligncenter size-full wp-image-1762\" \/><\/a><\/td><td class=\"column-3\"><a href=\"https:\/\/www.phydeo.uliege.be\/?p=1747\"><img loading=\"lazy\" decoding=\"async\" src=\"https:\/\/www.phydeo.uliege.be\/wp-content\/uploads\/2018\/02\/M_Condensateur_varation.jpg\" alt=\"\" width=\"112\" height=\"63\" class=\"aligncenter size-full wp-image-1763\" \/><\/a><\/td><td class=\"column-4\"><a href=\"https:\/\/www.phydeo.uliege.be\/?p=1745\"><img loading=\"lazy\" decoding=\"async\" src=\"https:\/\/www.phydeo.uliege.be\/wp-content\/uploads\/2018\/02\/M_Deviation_Elect-copie.jpg\" alt=\"\" width=\"112\" height=\"63\" class=\"aligncenter size-full wp-image-1764\" \/><\/a><\/td><td class=\"column-5\"><a href=\"https:\/\/www.phydeo.uliege.be\/?p=1743\"><img loading=\"lazy\" decoding=\"async\" src=\"https:\/\/www.phydeo.uliege.be\/wp-content\/uploads\/2018\/02\/M_Deviation_magnetique-copie.jpg\" alt=\"\" width=\"112\" height=\"63\" class=\"aligncenter size-full wp-image-1765\" \/><\/a><\/td><td class=\"column-6\"><a href=\"https:\/\/www.phydeo.uliege.be\/?p=1739\"><img loading=\"lazy\" decoding=\"async\" src=\"https:\/\/www.phydeo.uliege.be\/wp-content\/uploads\/2018\/02\/M_effet_pointe-copie.jpg\" alt=\"\" width=\"112\" height=\"63\" class=\"aligncenter size-full wp-image-1767\" \/><\/a><\/td><td class=\"column-7\"><a href=\"https:\/\/www.phydeo.uliege.be\/?p=1727\"><img loading=\"lazy\" decoding=\"async\" src=\"https:\/\/www.phydeo.uliege.be\/wp-content\/uploads\/2018\/02\/M_orientation_Dipole-copie.jpg\" alt=\"\" width=\"112\" height=\"63\" class=\"aligncenter size-full wp-image-1758\" \/><\/a><\/td>\n<\/tr>\n<tr class=\"row-10\">\n\t<td class=\"column-1\">Oscillations filament carbone<\/td><td class=\"column-2\">Electrophore de Volta<\/td><td class=\"column-3\">Condensateur plan, \u00e9cartement, di\u00e9lectrique<\/td><td class=\"column-4\">D\u00e9viation des \u00e9lectrons champ magn\u00e9tique<\/td><td class=\"column-5\">D\u00e9viation des \u00e9lectrons champ \u00e9lectrique<\/td><td class=\"column-6\">Effet de pointe, cigare<\/td><td class=\"column-7\">Orientation d'un dip\u00f4le, Van de Graaff<\/td>\n<\/tr>\n<tr class=\"row-11\">\n\t<td class=\"column-1\"><a href=\"https:\/\/www.phydeo.uliege.be\/?p=1725\"><img loading=\"lazy\" decoding=\"async\" src=\"https:\/\/www.phydeo.uliege.be\/wp-content\/uploads\/2018\/02\/M_Pres_vandegraaff-copie.jpg\" alt=\"\" width=\"112\" height=\"63\" class=\"aligncenter size-full wp-image-1759\" \/><\/a><\/td><td class=\"column-2\"><a href=\"https:\/\/www.phydeo.uliege.be\/?p=1717\"><img loading=\"lazy\" decoding=\"async\" src=\"https:\/\/www.phydeo.uliege.be\/wp-content\/uploads\/2018\/02\/M_Sphere_crreuse-copie.jpg\" alt=\"\" width=\"112\" height=\"63\" class=\"aligncenter size-full wp-image-1760\" \/><\/a><\/td><td class=\"column-3\"><a href=\"https:\/\/www.phydeo.uliege.be\/?p=1875\"><img loading=\"lazy\" decoding=\"async\" src=\"https:\/\/www.phydeo.uliege.be\/wp-content\/uploads\/2018\/02\/M_Spectre_Ext_U-copie.jpg\" alt=\"\" width=\"112\" height=\"63\" class=\"aligncenter size-full wp-image-1880\" \/><\/a><\/td><td class=\"column-4\"><a href=\"https:\/\/www.phydeo.uliege.be\/?p=1873\"><img loading=\"lazy\" decoding=\"async\" src=\"https:\/\/www.phydeo.uliege.be\/wp-content\/uploads\/2018\/02\/M_MultiBoussole-copie.jpg\" alt=\"\" width=\"112\" height=\"63\" class=\"aligncenter size-full wp-image-1879\" \/><\/a><\/td><td class=\"column-5\"><a href=\"https:\/\/www.phydeo.uliege.be\/?p=1896\"><img loading=\"lazy\" decoding=\"async\" src=\"https:\/\/www.phydeo.uliege.be\/wp-content\/uploads\/2018\/02\/M_electroscope.jpg\" alt=\"\" width=\"112\" height=\"63\" class=\"aligncenter size-full wp-image-1898\" \/><\/a><\/td><td class=\"column-6\"><\/td><td class=\"column-7\"><\/td>\n<\/tr>\n<tr class=\"row-12\">\n\t<td class=\"column-1\">Pr\u00e9sentation <br \/>\nVan de Graaff<\/td><td class=\"column-2\">Sph\u00e8re creuse accumulation de charges<\/td><td class=\"column-3\">Spectre magn\u00e9tique, extr\u00e9mit\u00e9s aimant en U<\/td><td class=\"column-4\">Spectre magn\u00e9tique, plaque multiboussole<\/td><td class=\"column-5\">Electroscope - Electrisation par frottement<\/td><td class=\"column-6\"><\/td><td class=\"column-7\"><\/td>\n<\/tr>\n<\/tbody>\n<\/table>\n<!-- #tablepress-7 from cache -->\n","protected":false},"excerpt":{"rendered":"","protected":false},"author":1,"featured_media":0,"parent":0,"menu_order":4,"comment_status":"closed","ping_status":"closed","template":"page-nosidebar.php","meta":{"footnotes":""},"class_list":["post-54","page","type-page","status-publish","hentry"],"_links":{"self":[{"href":"https:\/\/www.phydeo.uliege.be\/index.php?rest_route=\/wp\/v2\/pages\/54","targetHints":{"allow":["GET"]}}],"collection":[{"href":"https:\/\/www.phydeo.uliege.be\/index.php?rest_route=\/wp\/v2\/pages"}],"about":[{"href":"https:\/\/www.phydeo.uliege.be\/index.php?rest_route=\/wp\/v2\/types\/page"}],"author":[{"embeddable":true,"href":"https:\/\/www.phydeo.uliege.be\/index.php?rest_route=\/wp\/v2\/users\/1"}],"replies":[{"embeddable":true,"href":"https:\/\/www.phydeo.uliege.be\/index.php?rest_route=%2Fwp%2Fv2%2Fcomments&post=54"}],"version-history":[{"count":13,"href":"https:\/\/www.phydeo.uliege.be\/index.php?rest_route=\/wp\/v2\/pages\/54\/revisions"}],"predecessor-version":[{"id":981,"href":"https:\/\/www.phydeo.uliege.be\/index.php?rest_route=\/wp\/v2\/pages\/54\/revisions\/981"}],"wp:attachment":[{"href":"https:\/\/www.phydeo.uliege.be\/index.php?rest_route=%2Fwp%2Fv2%2Fmedia&parent=54"}],"curies":[{"name":"wp","href":"https:\/\/api.w.org\/{rel}","templated":true}]}}