{"id":684,"date":"2015-09-28T10:45:02","date_gmt":"2015-09-28T09:45:02","guid":{"rendered":"http:\/\/127.0.0.1\/?page_id=684"},"modified":"2015-12-10T14:45:17","modified_gmt":"2015-12-10T13:45:17","slug":"telechargements","status":"publish","type":"page","link":"https:\/\/www.phydeo.uliege.be\/?page_id=684","title":{"rendered":"T\u00e9l\u00e9chargements &#8211; Thermodynamique."},"content":{"rendered":"<h4><strong>T\u00e9l\u00e9chargement des vid\u00e9os (Espace r\u00e9serv\u00e9 aux membres du d\u00e9partement de Physique)<\/strong><\/h4>\n\n<table id=\"tablepress-9\" class=\"tablepress tablepress-id-9\">\n<tbody>\n<tr class=\"row-1\">\n\t<td class=\"column-1\"><a href=\"https:\/\/www.phydeo.uliege.be\/?page_id=565\">M\u00e9canique<\/a><\/td><td class=\"column-2\"><a href=\"https:\/\/www.phydeo.uliege.be\/?page_id=684\">Thermodynamique<\/a><\/td><td class=\"column-3\"><a href=\"https:\/\/www.phydeo.uliege.be\/?page_id=688\">Optique<\/a><\/td><td class=\"column-4\"><a href=\"https:\/\/www.phydeo.uliege.be\/?page_id=691\">Electricit\u00e9<\/a><\/td><td class=\"column-5\"><a href=\"https:\/\/www.phydeo.uliege.be\/?page_id=1514\">Liste Jean-Marc<\/a><\/td>\n<\/tr>\n<\/tbody>\n<\/table>\n\n<h4><strong>T\u00e9l\u00e9chargements &#8211; Thermodynamique.<br \/>\n<\/strong><\/h4>\n<hr \/>\n\n<table id=\"tablepress-12\" class=\"tablepress tablepress-id-12 img_tab\">\n<tbody class=\"row-striping\">\n<tr class=\"row-1\">\n\t<td class=\"column-1\"><a href=\"https:\/\/www.phydeo.uliege.be\/?p=777\"><img loading=\"lazy\" decoding=\"async\" src=\"https:\/\/www.phydeo.uliege.be\/wp-content\/uploads\/2015\/09\/BalloonVacuumChamber-copie.jpg\" alt=\"BalloonVacuumChamber copie\" width=\"112\" height=\"63\" class=\"aligncenter size-full wp-image-332\" \/><\/a><\/td><td class=\"column-2\"><a href=\"https:\/\/www.phydeo.uliege.be\/?p=779\"><img loading=\"lazy\" decoding=\"async\" src=\"https:\/\/www.phydeo.uliege.be\/wp-content\/uploads\/2015\/09\/IceCutter-copie.jpg\" alt=\"IceCutter copie\" width=\"112\" height=\"63\" class=\"aligncenter size-full wp-image-284\" \/><\/a><\/td><td class=\"column-3\"><a href=\"https:\/\/www.phydeo.uliege.be\/?p=781\"><img loading=\"lazy\" decoding=\"async\" src=\"https:\/\/www.phydeo.uliege.be\/wp-content\/uploads\/2015\/09\/SnowFlake-copie.jpg\" alt=\"SnowFlake copie\" width=\"112\" height=\"63\" class=\"aligncenter size-full wp-image-315\" \/><\/a><\/td><td class=\"column-4\"><a href=\"https:\/\/www.phydeo.uliege.be\/?p=784\"><img loading=\"lazy\" decoding=\"async\" src=\"https:\/\/www.phydeo.uliege.be\/wp-content\/uploads\/2015\/09\/Leidenfrost-copie.jpg\" alt=\"Leidenfrost copie\" width=\"112\" height=\"63\" class=\"aligncenter size-full wp-image-291\" \/><\/a><\/td><td class=\"column-5\"><a href=\"https:\/\/www.phydeo.uliege.be\/?p=786\"><img loading=\"lazy\" decoding=\"async\" src=\"https:\/\/www.phydeo.uliege.be\/wp-content\/uploads\/2015\/09\/BalloonNitrogen-copie.jpg\" alt=\"BalloonNitrogen copie\" width=\"112\" height=\"63\" class=\"aligncenter size-full wp-image-331\" \/><\/a><\/td><td class=\"column-6\"><a href=\"https:\/\/www.phydeo.uliege.be\/?p=788\"><img loading=\"lazy\" decoding=\"async\" src=\"https:\/\/www.phydeo.uliege.be\/wp-content\/uploads\/2015\/09\/LiquidOxygen-copie.jpg\" alt=\"LiquidOxygen copie\" width=\"112\" height=\"63\" class=\"aligncenter size-full wp-image-293\" \/><\/a><\/td><td class=\"column-7\"><a href=\"https:\/\/www.phydeo.uliege.be\/?p=209\"><img loading=\"lazy\" decoding=\"async\" src=\"https:\/\/www.phydeo.uliege.be\/wp-content\/uploads\/2015\/09\/Icefall-copie.jpg\" alt=\"Icefall copie\" width=\"112\" height=\"63\" class=\"aligncenter size-full wp-image-285\" \/><\/a><\/td>\n<\/tr>\n<tr class=\"row-2\">\n\t<td class=\"column-1\">Ballon de baudruche dans le vide<br \/>\n<\/td><td class=\"column-2\">Fil \u00e0 couper la glace<\/td><td class=\"column-3\">Flocon de neige<\/td><td class=\"column-4\">Leidenfrost (azote liquide)<\/td><td class=\"column-5\">Ballon de baudruche dans de l'azote liquide<\/td><td class=\"column-6\">Oxyg\u00e8ne liquide<\/td><td class=\"column-7\">Surfusion (cascade de glace)<\/td>\n<\/tr>\n<tr class=\"row-3\">\n\t<td class=\"column-1\"><a href=\"https:\/\/www.phydeo.uliege.be\/?ddownload=1210\" title=\"T\u00e9l\u00e9charger\" rel=\"nofollow\" class=\"ddownload-button button-grey id-1210 ext-mp4\">T\u00e9l\u00e9charger<\/a><\/td><td class=\"column-2\"><a href=\"https:\/\/www.phydeo.uliege.be\/?ddownload=1211\" title=\"T\u00e9l\u00e9charger\" rel=\"nofollow\" class=\"ddownload-button button-grey id-1211 ext-mp4\">T\u00e9l\u00e9charger<\/a><\/td><td class=\"column-3\"><a href=\"https:\/\/www.phydeo.uliege.be\/?ddownload=1212\" title=\"T\u00e9l\u00e9charger\" rel=\"nofollow\" class=\"ddownload-button button-grey id-1212 ext-mp4\">T\u00e9l\u00e9charger<\/a><\/td><td class=\"column-4\"><a href=\"https:\/\/www.phydeo.uliege.be\/?ddownload=1213\" title=\"T\u00e9l\u00e9charger\" rel=\"nofollow\" class=\"ddownload-button button-grey id-1213 ext-mp4\">T\u00e9l\u00e9charger<\/a><\/td><td class=\"column-5\"><a href=\"https:\/\/www.phydeo.uliege.be\/?ddownload=1214\" title=\"T\u00e9l\u00e9charger\" rel=\"nofollow\" class=\"ddownload-button button-grey id-1214 ext-mp4\">T\u00e9l\u00e9charger<\/a><\/td><td class=\"column-6\"><a href=\"https:\/\/www.phydeo.uliege.be\/?ddownload=1215\" title=\"T\u00e9l\u00e9charger\" rel=\"nofollow\" class=\"ddownload-button button-grey id-1215 ext-mp4\">T\u00e9l\u00e9charger<\/a><\/td><td class=\"column-7\"><a href=\"https:\/\/www.phydeo.uliege.be\/?ddownload=1216\" title=\"T\u00e9l\u00e9charger\" rel=\"nofollow\" class=\"ddownload-button button-grey id-1216 ext-mp4\">T\u00e9l\u00e9charger<\/a><\/td>\n<\/tr>\n<tr class=\"row-4\">\n\t<td class=\"column-1\"><a href=\"https:\/\/www.phydeo.uliege.be\/?p=799\"><img loading=\"lazy\" decoding=\"async\" src=\"https:\/\/www.phydeo.uliege.be\/wp-content\/uploads\/2015\/09\/BoilingWaterVacuum-copie.jpg\" alt=\"BoilingWaterVacuum copie\" width=\"112\" height=\"63\" class=\"aligncenter size-full wp-image-335\" \/><\/a><\/td><td class=\"column-2\"><a href=\"https:\/\/www.phydeo.uliege.be\/?p=801\"><img loading=\"lazy\" decoding=\"async\" src=\"https:\/\/www.phydeo.uliege.be\/wp-content\/uploads\/2015\/09\/Volume_temperature-copie.jpg\" alt=\"Volume_temperature copie\" width=\"112\" height=\"63\" class=\"aligncenter size-full wp-image-325\" \/><\/a><\/td><td class=\"column-3\"><a href=\"https:\/\/www.phydeo.uliege.be\/?p=209\"><img loading=\"lazy\" decoding=\"async\" src=\"https:\/\/www.phydeo.uliege.be\/wp-content\/uploads\/2015\/06\/SuperCooling-copie.jpg\" alt=\"SuperCooling copie\" width=\"112\" height=\"63\" class=\"aligncenter size-full wp-image-245\" \/><\/a><\/td><td class=\"column-4\"><a href=\"https:\/\/www.phydeo.uliege.be\/?p=806\"><img loading=\"lazy\" decoding=\"async\" src=\"https:\/\/www.phydeo.uliege.be\/wp-content\/uploads\/2015\/09\/AtmosphericPressure.jpg\" alt=\"AtmosphericPressure\" width=\"112\" height=\"63\" class=\"aligncenter size-full wp-image-328\" \/><\/a><\/td><td class=\"column-5\"><a href=\"https:\/\/www.phydeo.uliege.be\/?p=808\"><img loading=\"lazy\" decoding=\"async\" src=\"https:\/\/www.phydeo.uliege.be\/wp-content\/uploads\/2015\/09\/twister-copie.jpg\" alt=\"twister copie\" width=\"112\" height=\"63\" class=\"aligncenter size-full wp-image-321\" \/><\/a><\/td><td class=\"column-6\"><a href=\"https:\/\/www.phydeo.uliege.be\/?p=862\"><img loading=\"lazy\" decoding=\"async\" src=\"https:\/\/www.phydeo.uliege.be\/wp-content\/uploads\/2015\/10\/Acetate_sodium.jpg\" alt=\"Acetate_sodium\" width=\"112\" height=\"63\" class=\"aligncenter size-full wp-image-792\" \/><\/a><\/td><td class=\"column-7\"><a href=\"https:\/\/www.phydeo.uliege.be\/?p=1304\"><img loading=\"lazy\" decoding=\"async\" class=\"aligncenter size-full wp-image-1306\" src=\"https:\/\/www.phydeo.uliege.be\/wp-content\/uploads\/2016\/09\/train_levitant.jpg\" alt=\"train_levitant\" width=\"112\" height=\"63\" \/><\/a><\/td>\n<\/tr>\n<tr class=\"row-5\">\n\t<td class=\"column-1\">Ebullition de l'eau dans le vide.<br \/>\n<br \/>\n<\/td><td class=\"column-2\">Volume et temp\u00e9rature d'un gaz<\/td><td class=\"column-3\">Surfusion de l'eau<\/td><td class=\"column-4\">Pression atmosph\u00e9rique<\/td><td class=\"column-5\">Tornade<\/td><td class=\"column-6\">Surfusion de l'ac\u00e9tate de sodium<\/td><td class=\"column-7\">Le train l\u00e9vitant<\/td>\n<\/tr>\n<tr class=\"row-6\">\n\t<td class=\"column-1\"><a href=\"https:\/\/www.phydeo.uliege.be\/?ddownload=1217\" title=\"T\u00e9l\u00e9charger\" rel=\"nofollow\" class=\"ddownload-button button-grey id-1217 ext-mp4\">T\u00e9l\u00e9charger<\/a><\/td><td class=\"column-2\"><a href=\"https:\/\/www.phydeo.uliege.be\/?ddownload=1219\" title=\"T\u00e9l\u00e9charger\" rel=\"nofollow\" class=\"ddownload-button button-grey id-1219 ext-mp4\">T\u00e9l\u00e9charger<\/a><\/td><td class=\"column-3\"><a href=\"https:\/\/www.phydeo.uliege.be\/?ddownload=1220\" title=\"T\u00e9l\u00e9charger\" rel=\"nofollow\" class=\"ddownload-button button-grey id-1220 ext-mp4\">T\u00e9l\u00e9charger<\/a><\/td><td class=\"column-4\"><a href=\"https:\/\/www.phydeo.uliege.be\/?ddownload=1221\" title=\"T\u00e9l\u00e9charger\" rel=\"nofollow\" class=\"ddownload-button button-grey id-1221 ext-mp4\">T\u00e9l\u00e9charger<\/a><\/td><td class=\"column-5\"><a href=\"https:\/\/www.phydeo.uliege.be\/?ddownload=1222\" title=\"T\u00e9l\u00e9charger\" rel=\"nofollow\" class=\"ddownload-button button-grey id-1222 ext-mp4\">T\u00e9l\u00e9charger<\/a><\/td><td class=\"column-6\"><a href=\"https:\/\/www.phydeo.uliege.be\/?ddownload=1223\" title=\"T\u00e9l\u00e9charger\" rel=\"nofollow\" class=\"ddownload-button button-grey id-1223 ext-mp4\">T\u00e9l\u00e9charger<\/a><\/td><td class=\"column-7\"><a href=\"https:\/\/www.phydeo.uliege.be\/?ddownload=1307\" title=\"T\u00e9l\u00e9charger\" rel=\"nofollow\" class=\"ddownload-button button-grey id-1307 ext-mp4\">T\u00e9l\u00e9charger<\/a><\/td>\n<\/tr>\n<\/tbody>\n<\/table>\n<!-- #tablepress-12 from cache -->\n","protected":false},"excerpt":{"rendered":"<p>T\u00e9l\u00e9chargement des vid\u00e9os (Espace r\u00e9serv\u00e9 aux membres du d\u00e9partement de Physique) T\u00e9l\u00e9chargements &#8211; Thermodynamique.<\/p>\n","protected":false},"author":1,"featured_media":0,"parent":0,"menu_order":0,"comment_status":"open","ping_status":"open","template":"page-notitle.php","meta":{"footnotes":""},"class_list":["post-684","page","type-page","status-publish","hentry"],"_links":{"self":[{"href":"https:\/\/www.phydeo.uliege.be\/index.php?rest_route=\/wp\/v2\/pages\/684","targetHints":{"allow":["GET"]}}],"collection":[{"href":"https:\/\/www.phydeo.uliege.be\/index.php?rest_route=\/wp\/v2\/pages"}],"about":[{"href":"https:\/\/www.phydeo.uliege.be\/index.php?rest_route=\/wp\/v2\/types\/page"}],"author":[{"embeddable":true,"href":"https:\/\/www.phydeo.uliege.be\/index.php?rest_route=\/wp\/v2\/users\/1"}],"replies":[{"embeddable":true,"href":"https:\/\/www.phydeo.uliege.be\/index.php?rest_route=%2Fwp%2Fv2%2Fcomments&post=684"}],"version-history":[{"count":38,"href":"https:\/\/www.phydeo.uliege.be\/index.php?rest_route=\/wp\/v2\/pages\/684\/revisions"}],"predecessor-version":[{"id":1117,"href":"https:\/\/www.phydeo.uliege.be\/index.php?rest_route=\/wp\/v2\/pages\/684\/revisions\/1117"}],"wp:attachment":[{"href":"https:\/\/www.phydeo.uliege.be\/index.php?rest_route=%2Fwp%2Fv2%2Fmedia&parent=684"}],"curies":[{"name":"wp","href":"https:\/\/api.w.org\/{rel}","templated":true}]}}