{"id":688,"date":"2015-09-28T10:48:47","date_gmt":"2015-09-28T09:48:47","guid":{"rendered":"http:\/\/127.0.0.1\/?page_id=688"},"modified":"2015-12-10T14:43:36","modified_gmt":"2015-12-10T13:43:36","slug":"telechargements-2","status":"publish","type":"page","link":"https:\/\/www.phydeo.uliege.be\/?page_id=688","title":{"rendered":"T\u00e9l\u00e9chargements &#8211; Optique."},"content":{"rendered":"<h4><strong>T\u00e9l\u00e9chargement des vid\u00e9os (Espace r\u00e9serv\u00e9 aux membres du d\u00e9partement de Physique)<\/strong><\/h4>\n\n<table id=\"tablepress-9\" class=\"tablepress tablepress-id-9\">\n<tbody>\n<tr class=\"row-1\">\n\t<td class=\"column-1\"><a href=\"https:\/\/www.phydeo.uliege.be\/?page_id=565\">M\u00e9canique<\/a><\/td><td class=\"column-2\"><a href=\"https:\/\/www.phydeo.uliege.be\/?page_id=684\">Thermodynamique<\/a><\/td><td class=\"column-3\"><a href=\"https:\/\/www.phydeo.uliege.be\/?page_id=688\">Optique<\/a><\/td><td class=\"column-4\"><a href=\"https:\/\/www.phydeo.uliege.be\/?page_id=691\">Electricit\u00e9<\/a><\/td><td class=\"column-5\"><a href=\"https:\/\/www.phydeo.uliege.be\/?page_id=1514\">Liste Jean-Marc<\/a><\/td>\n<\/tr>\n<\/tbody>\n<\/table>\n<!-- #tablepress-9 from cache -->\n<h4><strong>T\u00e9l\u00e9chargements &#8211; Optique.<br \/>\n<\/strong><\/h4>\n<hr \/>\n\n<table id=\"tablepress-8\" class=\"tablepress tablepress-id-8 img_tab\">\n<tbody class=\"row-striping\">\n<tr class=\"row-1\">\n\t<td class=\"column-1\"><a href=\"https:\/\/www.phydeo.uliege.be\/?p=810\"><img loading=\"lazy\" decoding=\"async\" src=\"https:\/\/www.phydeo.uliege.be\/wp-content\/uploads\/2015\/09\/M_Circular-Aperture-Diffraction-copie.jpg\" alt=\"M_Circular Aperture Diffraction copie\" width=\"112\" height=\"63\" class=\"aligncenter size-full wp-image-294\" \/><\/a><\/td><td class=\"column-2\"><a href=\"https:\/\/www.phydeo.uliege.be\/?p=820\"><img loading=\"lazy\" decoding=\"async\" src=\"https:\/\/www.phydeo.uliege.be\/wp-content\/uploads\/2015\/09\/M_Newtons-rings-copie.jpg\" alt=\"M_Newton&#039;s rings copie\" width=\"112\" height=\"63\" class=\"aligncenter size-full wp-image-296\" \/><\/a><\/td><td class=\"column-3\"><a href=\"https:\/\/www.phydeo.uliege.be\/?p=822\"><img loading=\"lazy\" decoding=\"async\" src=\"https:\/\/www.phydeo.uliege.be\/wp-content\/uploads\/2015\/09\/M_Fraunhofer-diffraction-copie.jpg\" alt=\"M_Fraunhofer diffraction copie\" width=\"112\" height=\"63\" class=\"aligncenter size-full wp-image-295\" \/><\/a><\/td><td class=\"column-4\"><a href=\"https:\/\/www.phydeo.uliege.be\/?p=180\"><img loading=\"lazy\" decoding=\"async\" src=\"https:\/\/www.phydeo.uliege.be\/wp-content\/uploads\/2015\/06\/LightFall-copie.jpg\" alt=\"LightFall copie\" width=\"112\" height=\"63\" class=\"aligncenter size-full wp-image-244\" \/><\/a><\/td><td class=\"column-5\"><a href=\"https:\/\/www.phydeo.uliege.be\/?p=1250ulg.ac.be\/?p=1250\"><img loading=\"lazy\" decoding=\"async\" class=\"aligncenter size-full wp-image-1253\" src=\"https:\/\/www.phydeo.uliege.be\/wp-content\/uploads\/2015\/12\/Lentile_convergente.jpg\" alt=\"Lentile_convergente\" width=\"112\" height=\"63\" \/><\/a><\/td><td class=\"column-6\"><a href=\"https:\/\/www.phydeo.uliege.be\/?p=1273\"><img loading=\"lazy\" decoding=\"async\" src=\"https:\/\/www.phydeo.uliege.be\/wp-content\/uploads\/2016\/01\/reflexion_totale.jpg\" alt=\"reflexion_totale\" width=\"112\" height=\"63\" class=\"aligncenter size-full wp-image-1275\" \/><\/a><\/td><td class=\"column-7\"><a href=\"https:\/\/www.phydeo.uliege.be\/?p=1281\"><img loading=\"lazy\" decoding=\"async\" src=\"https:\/\/www.phydeo.uliege.be\/wp-content\/uploads\/2016\/01\/synth\u00e8se-addictive.jpg\" alt=\"synth\u00e8se addictive\" width=\"112\" height=\"63\" class=\"aligncenter size-full wp-image-1284\" \/><\/a><\/td>\n<\/tr>\n<tr class=\"row-2\">\n\t<td class=\"column-1\">Diffraction ouverture circulaire<\/td><td class=\"column-2\">Anneaux de Newton<\/td><td class=\"column-3\">Fentes de Fraunhofer<\/td><td class=\"column-4\">R\u00e9flexion totale<\/td><td class=\"column-5\">Lentille convergente<\/td><td class=\"column-6\">R\u00e9flexion totale<\/td><td class=\"column-7\">Synth\u00e8se additive<\/td>\n<\/tr>\n<tr class=\"row-3\">\n\t<td class=\"column-1\"><a href=\"https:\/\/www.phydeo.uliege.be\/?ddownload=1225\" title=\"T\u00e9l\u00e9charger\" rel=\"nofollow\" class=\"ddownload-button button-grey id-1225 ext-mp4\">T\u00e9l\u00e9charger<\/a><\/td><td class=\"column-2\"><a href=\"https:\/\/www.phydeo.uliege.be\/?ddownload=1226\" title=\"T\u00e9l\u00e9charger\" rel=\"nofollow\" class=\"ddownload-button button-grey id-1226 ext-mp4\">T\u00e9l\u00e9charger<\/a><\/td><td class=\"column-3\"><a href=\"https:\/\/www.phydeo.uliege.be\/?ddownload=1227\" title=\"T\u00e9l\u00e9charger\" rel=\"nofollow\" class=\"ddownload-button button-grey id-1227 ext-mp4\">T\u00e9l\u00e9charger<\/a><\/td><td class=\"column-4\"><a href=\"https:\/\/www.phydeo.uliege.be\/?ddownload=1228\" title=\"T\u00e9l\u00e9charger\" rel=\"nofollow\" class=\"ddownload-button button-grey id-1228 ext-mp4\">T\u00e9l\u00e9charger<\/a><\/td><td class=\"column-5\"><a href=\"https:\/\/www.phydeo.uliege.be\/?ddownload=1260\" title=\"T\u00e9l\u00e9charger\" rel=\"nofollow\" class=\"ddownload-button button-grey id-1260 ext-mp4\">T\u00e9l\u00e9charger<\/a><\/td><td class=\"column-6\"><a href=\"https:\/\/www.phydeo.uliege.be\/?ddownload=1279\" title=\"T\u00e9l\u00e9charger\" rel=\"nofollow\" class=\"ddownload-button button-grey id-1279 ext-mp4\">T\u00e9l\u00e9charger<\/a><\/td><td class=\"column-7\"><a href=\"https:\/\/www.phydeo.uliege.be\/?ddownload=1288\" title=\"T\u00e9l\u00e9charger\" rel=\"nofollow\" class=\"ddownload-button button-grey id-1288 ext-mp4\">T\u00e9l\u00e9charger<\/a><\/td>\n<\/tr>\n<tr class=\"row-4\">\n\t<td class=\"column-1\"><a href=\"http:\/\/ https:\/\/www.phydeo.uliege.be\/?p=1360\"><img loading=\"lazy\" decoding=\"async\" src=\"https:\/\/www.phydeo.uliege.be\/wp-content\/uploads\/2017\/11\/Prisme_decomposition.jpg\" alt=\"\" width=\"112\" height=\"63\" class=\"aligncenter size-full wp-image-1404\" \/><\/a><\/td><td class=\"column-2\"><a href=\"https:\/\/www.phydeo.uliege.be\/?p=1473\"><img loading=\"lazy\" decoding=\"async\" src=\"https:\/\/www.phydeo.uliege.be\/wp-content\/uploads\/2017\/11\/M_deviation_min_prisme.jpg\" alt=\"\" width=\"112\" height=\"63\" class=\"aligncenter size-full wp-image-1484\" \/><\/a><\/td><td class=\"column-3\"><a href=\"https:\/\/www.phydeo.uliege.be\/?p=1541\"><img loading=\"lazy\" decoding=\"async\" src=\"https:\/\/www.phydeo.uliege.be\/wp-content\/uploads\/2017\/11\/M_lent_divergente.jpg\" alt=\"\" width=\"112\" height=\"63\" class=\"aligncenter size-full wp-image-1558\" \/><\/a><\/td><td class=\"column-4\"><a href=\"https:\/\/www.phydeo.uliege.be\/?p=1925\"><img loading=\"lazy\" decoding=\"async\" src=\"https:\/\/www.phydeo.uliege.be\/wp-content\/uploads\/2018\/05\/UV-copie.jpg\" alt=\"\" width=\"112\" height=\"63\" class=\"aligncenter size-full wp-image-1930\" \/><\/a><\/td><td class=\"column-5\"><a href=\"https:\/\/www.phydeo.uliege.be\/?p=1928\"><img loading=\"lazy\" decoding=\"async\" src=\"https:\/\/www.phydeo.uliege.be\/wp-content\/uploads\/2018\/05\/IR-copie.jpg\" alt=\"\" width=\"112\" height=\"63\" class=\"aligncenter size-full wp-image-1931\" \/><\/a><\/td><td class=\"column-6\"><\/td><td class=\"column-7\"><\/td>\n<\/tr>\n<tr class=\"row-5\">\n\t<td class=\"column-1\">Diffraction<br \/>\nd'un prisme<\/td><td class=\"column-2\">D\u00e9viation minimum d'un prisme<\/td><td class=\"column-3\">Lentille<br \/>\ndivergente<\/td><td class=\"column-4\">UV dans une lampe a vapeur de mercure<\/td><td class=\"column-5\">IR dans une lumi\u00e8re blanche<\/td><td class=\"column-6\"><\/td><td class=\"column-7\"><\/td>\n<\/tr>\n<tr class=\"row-6\">\n\t<td class=\"column-1\"><a href=\"https:\/\/www.phydeo.uliege.be\/?ddownload=1416\" title=\"T\u00e9l\u00e9charger\" rel=\"nofollow\" class=\"ddownload-button button-grey id-1416 ext-mp4\">T\u00e9l\u00e9charger<\/a><\/td><td class=\"column-2\"><a href=\"https:\/\/www.phydeo.uliege.be\/?ddownload=1506\" title=\"T\u00e9l\u00e9charger\" rel=\"nofollow\" class=\"ddownload-button button-grey id-1506 ext-mp4\">T\u00e9l\u00e9charger<\/a><\/td><td class=\"column-3\"><a href=\"https:\/\/www.phydeo.uliege.be\/?ddownload=1577\" title=\"T\u00e9l\u00e9charger\" rel=\"nofollow\" class=\"ddownload-button button-grey id-1577 ext-mp4\">T\u00e9l\u00e9charger<\/a><\/td><td class=\"column-4\"><a href=\"https:\/\/www.phydeo.uliege.be\/?ddownload=1937\" title=\"T\u00e9l\u00e9charger\" rel=\"nofollow\" class=\"ddownload-button button-grey id-1937 ext-mp4\">T\u00e9l\u00e9charger<\/a><\/td><td class=\"column-5\"><a href=\"https:\/\/www.phydeo.uliege.be\/?ddownload=1940\" title=\"T\u00e9l\u00e9charger\" rel=\"nofollow\" class=\"ddownload-button button-grey id-1940 ext-mp4\">T\u00e9l\u00e9charger<\/a><\/td><td class=\"column-6\"><\/td><td class=\"column-7\"><\/td>\n<\/tr>\n<\/tbody>\n<\/table>\n<!-- #tablepress-8 from cache -->\n","protected":false},"excerpt":{"rendered":"<p>T\u00e9l\u00e9chargement des vid\u00e9os (Espace r\u00e9serv\u00e9 aux membres du d\u00e9partement de Physique) T\u00e9l\u00e9chargements &#8211; Optique.<\/p>\n","protected":false},"author":1,"featured_media":0,"parent":0,"menu_order":0,"comment_status":"open","ping_status":"open","template":"page-notitle.php","meta":{"footnotes":""},"class_list":["post-688","page","type-page","status-publish","hentry"],"_links":{"self":[{"href":"https:\/\/www.phydeo.uliege.be\/index.php?rest_route=\/wp\/v2\/pages\/688","targetHints":{"allow":["GET"]}}],"collection":[{"href":"https:\/\/www.phydeo.uliege.be\/index.php?rest_route=\/wp\/v2\/pages"}],"about":[{"href":"https:\/\/www.phydeo.uliege.be\/index.php?rest_route=\/wp\/v2\/types\/page"}],"author":[{"embeddable":true,"href":"https:\/\/www.phydeo.uliege.be\/index.php?rest_route=\/wp\/v2\/users\/1"}],"replies":[{"embeddable":true,"href":"https:\/\/www.phydeo.uliege.be\/index.php?rest_route=%2Fwp%2Fv2%2Fcomments&post=688"}],"version-history":[{"count":45,"href":"https:\/\/www.phydeo.uliege.be\/index.php?rest_route=\/wp\/v2\/pages\/688\/revisions"}],"predecessor-version":[{"id":1073,"href":"https:\/\/www.phydeo.uliege.be\/index.php?rest_route=\/wp\/v2\/pages\/688\/revisions\/1073"}],"wp:attachment":[{"href":"https:\/\/www.phydeo.uliege.be\/index.php?rest_route=%2Fwp%2Fv2%2Fmedia&parent=688"}],"curies":[{"name":"wp","href":"https:\/\/api.w.org\/{rel}","templated":true}]}}